{"id":3421,"date":"2014-03-28T18:24:09","date_gmt":"2014-03-28T18:24:09","guid":{"rendered":"http:\/\/quiropracticomexico.com\/ubicacion\/"},"modified":"2023-03-15T23:18:33","modified_gmt":"2023-03-15T23:18:33","slug":"chiropractor-near-me","status":"publish","type":"page","link":"https:\/\/quiropracticomexico.com\/en\/chiropractor-near-me\/","title":{"rendered":"Chiropractor near me"},"content":{"rendered":"<p><div class=\"fusion-fullwidth fullwidth-box fusion-builder-row-1 hundred-percent-fullwidth non-hundred-percent-height-scrolling\" style=\"--awb-border-radius-top-left:0px;--awb-border-radius-top-right:0px;--awb-border-radius-bottom-right:0px;--awb-border-radius-bottom-left:0px;--awb-padding-top:0px;--awb-padding-right:0px;--awb-padding-bottom:20px;--awb-padding-left:0px;--awb-flex-wrap:wrap;\" ><div class=\"fusion-builder-row fusion-row\"><div class=\"fusion-layout-column fusion_builder_column fusion-builder-column-0 fusion_builder_column_1_1 1_1 fusion-one-full fusion-column-first fusion-column-last\" style=\"--awb-bg-size:cover;\"><div class=\"fusion-column-wrapper fusion-flex-column-wrapper-legacy\">\t\t\t\t\t<script type=\"text\/javascript\">\n\t\t\t\t\t\tvar map_fusion_map_6a08fc8e2614d;\n\t\t\t\t\t\tvar markers = [];\n\t\t\t\t\t\tvar counter = 0;\n\t\t\t\t\t\t\t\t\t\t\t\t\t\t\t\t\t\t\t\tvar fusionMapNonce = 'f205173e1f';\n\t\t\t\t\t\t\t\t\t\t\t\tfunction fusion_run_map_fusion_map_6a08fc8e2614d() {\n\t\t\t\t\t\t\tjQuery ('#fusion_map_6a08fc8e2614d' ).fusion_maps( {\n\t\t\t\t\t\t\t\taddresses: [{\"address\":\"General Gomez Pedraza 51, San Miguel Chapultepec, CDMX\",\"infobox_content\":\"General Gomez Pedraza 51, San Miguel Chapultepec, CDMX\",\"coordinates\":false,\"cache\":true,\"latitude\":\"19.4142104\",\"longitude\":\"-99.18415999999999\"}],\n\t\t\t\t\t\t\t\tanimations: false,\n\t\t\t\t\t\t\t\tinfobox_background_color: '',\n\t\t\t\t\t\t\t\tinfobox_styling: 'default',\n\t\t\t\t\t\t\t\tinfobox_text_color: '',\n\t\t\t\t\t\t\t\tmap_style: 'default',\n\t\t\t\t\t\t\t\tmap_type: 'roadmap',\n\t\t\t\t\t\t\t\tmarker_icon: '',\n\t\t\t\t\t\t\t\toverlay_color: '',\n\t\t\t\t\t\t\t\toverlay_color_hsl: {\"hue\":0,\"sat\":0,\"lum\":100},\n\t\t\t\t\t\t\t\tshow_address: true,\n\t\t\t\t\t\t\t\tscale_control: true,\n\t\t\t\t\t\t\t\tscrollwheel: false,\n\t\t\t\t\t\t\t\tzoom: 15,\n\t\t\t\t\t\t\t\tzoom_control: true,\n\t\t\t\t\t\t\t} );\n\t\t\t\t\t\t}\n\n\t\t\t\t\t\tgoogle.maps.event.addDomListener(window, 'load', fusion_run_map_fusion_map_6a08fc8e2614d);\n\t\t\t\t\t<\/script>\n\t\t\t\t\t<div class=\"shortcode-map fusion-google-map fusion-maps-js-type\" id=\"fusion_map_6a08fc8e2614d\"><\/div><div class=\"fusion-clearfix\"><\/div><\/div><\/div><\/div><\/div><div class=\"fusion-fullwidth fullwidth-box fusion-builder-row-2 has-pattern-background has-mask-background nonhundred-percent-fullwidth non-hundred-percent-height-scrolling\" style=\"--awb-border-radius-top-left:0px;--awb-border-radius-top-right:0px;--awb-border-radius-bottom-right:0px;--awb-border-radius-bottom-left:0px;--awb-padding-top:20px;--awb-padding-bottom:20px;--awb-flex-wrap:wrap;\" ><div class=\"fusion-builder-row fusion-row\"><div class=\"fusion-layout-column fusion_builder_column fusion-builder-column-1 fusion_builder_column_1_2 1_2 fusion-one-half fusion-column-first\" style=\"--awb-bg-blend:overlay;--awb-bg-size:cover;width:50%;width:calc(50% - ( ( 4% ) * 0.5 ) );margin-right: 4%;\"><div class=\"fusion-column-wrapper fusion-flex-column-wrapper-legacy\"><div class=\"fusion-text fusion-text-1\"><h1 style=\"text-align: center;\">Find a chiropractor near me<\/h1>\n<\/div><div class=\"fusion-text fusion-text-2\"><div>We are located in Mexico City<\/div>\n<div><\/div>\n<div><strong>Calle General Gomez Pedraza 51<\/strong><\/div>\n<div>Colonia San Miguel Chapultepec, Delegaci\u00f3n Miguel Hidalgo,<\/div>\n<div>Ciudad de M\u00e9xico, Distrito Federal, CP 11850<\/div>\n<div><\/div>\n<div>2 minutes walking from metro <strong>Juanacatl\u00e1n<\/strong>.<\/div>\n<div><\/div>\n<div>Between the streets Gobernador Protasio Tagle and General Juan Cano.<\/div>\n<div>If you travel with Metrobus, the closest station is \u201c<strong>La Salle<\/strong>\u201c.<\/div>\n<\/div><div class=\"fusion-clearfix\"><\/div><\/div><\/div><div class=\"fusion-layout-column fusion_builder_column fusion-builder-column-2 fusion_builder_column_1_2 1_2 fusion-one-half fusion-column-last fusion-column-no-min-height\" style=\"--awb-bg-size:cover;--awb-margin-bottom:0px;width:50%;width:calc(50% - ( ( 4% ) * 0.5 ) );\"><div class=\"fusion-column-wrapper fusion-column-has-shadow fusion-flex-column-wrapper-legacy\"><div class=\"fusion-column-content-centered\"><div class=\"fusion-column-content\"><div class=\"fusion-sep-clear\"><\/div><div class=\"fusion-separator fusion-full-width-sep\" style=\"margin-left: auto;margin-right: auto;margin-top:12px;width:100%;\"><\/div><div class=\"fusion-sep-clear\"><\/div><div class=\"fusion-title title fusion-title-1 fusion-sep-none fusion-title-text fusion-title-size-two\"><h2 class=\"fusion-title-heading title-heading-left\" style=\"margin:0;\"><p style=\"text-align: center;\">There is a parking lot very close<\/p><\/h2><\/div><div class=\"fusion-text fusion-text-3\"><div>You can park to the closest parking lot wich is situated at the number 43 on the same street<\/div>\n<div><\/div>\n<\/div><div class=\"fusion-sep-clear\"><\/div><div class=\"fusion-separator fusion-full-width-sep\" style=\"margin-left: auto;margin-right: auto;margin-top:12px;width:100%;\"><\/div><div class=\"fusion-sep-clear\"><\/div><div class=\"fusion-image-element fusion-image-align-center in-legacy-container\" style=\"text-align:center;--awb-caption-title-font-family:var(--h2_typography-font-family);--awb-caption-title-font-weight:var(--h2_typography-font-weight);--awb-caption-title-font-style:var(--h2_typography-font-style);--awb-caption-title-size:var(--h2_typography-font-size);--awb-caption-title-transform:var(--h2_typography-text-transform);--awb-caption-title-line-height:var(--h2_typography-line-height);--awb-caption-title-letter-spacing:var(--h2_typography-letter-spacing);\"><div class=\"imageframe-align-center\"><span class=\" fusion-imageframe imageframe-none imageframe-1 hover-type-none\"><img decoding=\"async\" width=\"800\" height=\"600\" title=\"estacionamiento-pedraza43\" src=\"http:\/\/quiropracticomexico.com\/wp-content\/uploads\/2023\/03\/estacionamiento-pedraza43.png\" alt class=\"img-responsive wp-image-4711\" srcset=\"https:\/\/quiropracticomexico.com\/wp-content\/uploads\/2023\/03\/estacionamiento-pedraza43-200x150.png 200w, https:\/\/quiropracticomexico.com\/wp-content\/uploads\/2023\/03\/estacionamiento-pedraza43-400x300.png 400w, https:\/\/quiropracticomexico.com\/wp-content\/uploads\/2023\/03\/estacionamiento-pedraza43-600x450.png 600w, https:\/\/quiropracticomexico.com\/wp-content\/uploads\/2023\/03\/estacionamiento-pedraza43.png 800w\" sizes=\"(max-width: 800px) 100vw, 600px\" \/><\/span><\/div><\/div><\/div><\/div><div class=\"fusion-clearfix\"><\/div><\/div><\/div><div class=\"fusion-layout-column fusion_builder_column fusion-builder-column-3 fusion_builder_column_1_1 1_1 fusion-one-full fusion-column-first fusion-column-last\" style=\"--awb-bg-size:cover;\"><div class=\"fusion-column-wrapper fusion-flex-column-wrapper-legacy\"><div class=\"fusion-clearfix\"><\/div><\/div><\/div><\/div><\/div><div class=\"fusion-fullwidth fullwidth-box fusion-builder-row-3 fusion-flex-container has-pattern-background has-mask-background nonhundred-percent-fullwidth non-hundred-percent-height-scrolling\" style=\"--awb-border-radius-top-left:0px;--awb-border-radius-top-right:0px;--awb-border-radius-bottom-right:0px;--awb-border-radius-bottom-left:0px;--awb-flex-wrap:wrap;\" ><div class=\"fusion-builder-row fusion-row fusion-flex-align-items-flex-start fusion-flex-content-wrap\" style=\"max-width:1216.8px;margin-left: calc(-4% \/ 2 );margin-right: calc(-4% \/ 2 );\"><div class=\"fusion-layout-column fusion_builder_column fusion-builder-column-4 fusion_builder_column_1_1 1_1 fusion-flex-column\" style=\"--awb-bg-size:cover;--awb-width-large:100%;--awb-margin-top-large:0px;--awb-spacing-right-large:1.92%;--awb-margin-bottom-large:20px;--awb-spacing-left-large:1.92%;--awb-width-medium:100%;--awb-order-medium:0;--awb-spacing-right-medium:1.92%;--awb-spacing-left-medium:1.92%;--awb-width-small:100%;--awb-order-small:0;--awb-spacing-right-small:1.92%;--awb-spacing-left-small:1.92%;\"><div class=\"fusion-column-wrapper fusion-column-has-shadow fusion-flex-justify-content-flex-start fusion-content-layout-column\"><div class=\"fusion-text fusion-text-4\"><h2 class=\"ql-align-center\" style=\"text-align: center;\"><strong>Professional spine treatment service, posture assessment, therapy for sciatica, scoliosis, herniated disc or low back pain<\/strong><\/h2>\n<\/div><div class=\"fusion-text fusion-text-5\"><h3 class=\"ql-align-center\" style=\"text-align: center;\"><strong>Integral health clinic in Mexico City<\/strong><\/h3>\n<\/div><div class=\"fusion-text fusion-text-6\"><p class=\"ql-align-center\">The chiropractor is an expert in the care of back pain or neck pain, headaches, lumbar disc herniation or hip and waist pain. He uses various techniques to treat these conditions, such as manipulation of the spine, supervised exercises.<\/p>\n<p class=\"ql-align-center\">In the team we have a licensed physiotherapist that helps us with ultrasound, laser, electrotherapy or application of heat and cold to relieve and treat a muscle problem.<\/p>\n<\/div><div class=\"fusion-text fusion-text-7\"><h2 class=\"ql-align-center\" style=\"text-align: center;\"><strong>Nuestros servicios son mucho m\u00e1s que una sesi\u00f3n de ajuste quiropr\u00e1ctico de alineaci\u00f3n de articulaci\u00f3n.<\/strong><\/h2>\n<\/div><div class=\"fusion-text fusion-text-8\"><p class=\"ql-align-center\">Valoramos tu cuerpo de forma integral. Desde tu sistema nervioso hasta la funci\u00f3n de tus m\u00fasculos y para detectar una columna desviada con mala postura.<\/p>\n<p class=\"ql-align-center\">Nuestros quiropr\u00e1cticos en Ciudad de M\u00e9xico ayudan a los pacientes a mejorar su calidad de vida, proporcionando una atenci\u00f3n integral que aborda todos los aspectos de su salud.<\/p>\n<div class=\"ql-align-center\"><\/div>\n<\/div><\/div><\/div><\/div><\/div><div class=\"fusion-fullwidth fullwidth-box fusion-builder-row-4 fusion-flex-container nonhundred-percent-fullwidth non-hundred-percent-height-scrolling\" style=\"--awb-border-radius-top-left:0px;--awb-border-radius-top-right:0px;--awb-border-radius-bottom-right:0px;--awb-border-radius-bottom-left:0px;--awb-flex-wrap:wrap;\" ><div class=\"fusion-builder-row fusion-row fusion-flex-align-items-flex-start fusion-flex-content-wrap\" style=\"max-width:1216.8px;margin-left: calc(-4% \/ 2 );margin-right: calc(-4% \/ 2 );\"><div class=\"fusion-layout-column fusion_builder_column fusion-builder-column-5 fusion_builder_column_1_4 1_4 fusion-flex-column\" style=\"--awb-bg-size:cover;--awb-width-large:25%;--awb-margin-top-large:0px;--awb-spacing-right-large:7.68%;--awb-margin-bottom-large:20px;--awb-spacing-left-large:7.68%;--awb-width-medium:100%;--awb-order-medium:0;--awb-spacing-right-medium:1.92%;--awb-spacing-left-medium:1.92%;--awb-width-small:100%;--awb-order-small:0;--awb-spacing-right-small:1.92%;--awb-spacing-left-small:1.92%;\"><div class=\"fusion-column-wrapper fusion-column-has-shadow fusion-flex-justify-content-flex-start fusion-content-layout-column\"><div class=\"fusion-separator fusion-full-width-sep\" style=\"align-self: center;margin-left: auto;margin-right: auto;margin-top:24px;width:100%;\"><\/div><div class=\"fusion-text fusion-text-9\"><h3 style=\"text-align: left;\">Principales enfermedades y s\u00edntomas tratados<\/h3>\n<\/div><div class=\"fusion-separator fusion-full-width-sep\" style=\"align-self: center;margin-left: auto;margin-right: auto;margin-top:12px;width:100%;\"><\/div><div class=\"fusion-text fusion-text-10\"><p class=\"ql-align-center\">Ci\u00e1tica<\/p>\n<p class=\"ql-align-center\">Dolor de espalda baja<\/p>\n<p class=\"ql-align-center\">Dolor de cuello<\/p>\n<p class=\"ql-align-center\">Escoliosis<\/p>\n<p class=\"ql-align-center\">Espondilolistesis<\/p>\n<p class=\"ql-align-center\">Dolor de hombro y brazo<\/p>\n<\/div><\/div><\/div><div class=\"fusion-layout-column fusion_builder_column fusion-builder-column-6 fusion_builder_column_1_4 1_4 fusion-flex-column\" style=\"--awb-bg-size:cover;--awb-width-large:25%;--awb-margin-top-large:0px;--awb-spacing-right-large:7.68%;--awb-margin-bottom-large:20px;--awb-spacing-left-large:7.68%;--awb-width-medium:100%;--awb-order-medium:0;--awb-spacing-right-medium:1.92%;--awb-spacing-left-medium:1.92%;--awb-width-small:100%;--awb-order-small:0;--awb-spacing-right-small:1.92%;--awb-spacing-left-small:1.92%;\"><div class=\"fusion-column-wrapper fusion-column-has-shadow fusion-flex-justify-content-flex-start fusion-content-layout-column\"><div class=\"fusion-separator fusion-full-width-sep\" style=\"align-self: center;margin-left: auto;margin-right: auto;margin-top:24px;width:100%;\"><\/div><div class=\"fusion-text fusion-text-11\"><h3 style=\"text-align: left;\">Servicios m\u00e1s demandados<\/h3>\n<\/div><div class=\"fusion-separator fusion-full-width-sep\" style=\"align-self: center;margin-left: auto;margin-right: auto;margin-top:12px;width:100%;\"><\/div><div class=\"fusion-text fusion-text-12\"><p class=\"ql-align-center\">Primera consulta de valoraci\u00f3n con radiograf\u00edas<\/p>\n<p class=\"ql-align-center\">Ajuste quiropr\u00e1ctico<\/p>\n<p class=\"ql-align-center\">Prevenci\u00f3n y postura<\/p>\n<p class=\"ql-align-center\">Consulta de valoraci\u00f3n de columna vertebral<\/p>\n<p class=\"ql-align-center\">Estudio de postura<\/p>\n<p class=\"ql-align-center\">Estudio de baropodometr\u00eda<\/p>\n<\/div><\/div><\/div><div class=\"fusion-layout-column fusion_builder_column fusion-builder-column-7 fusion_builder_column_1_4 1_4 fusion-flex-column\" style=\"--awb-bg-size:cover;--awb-width-large:25%;--awb-margin-top-large:0px;--awb-spacing-right-large:7.68%;--awb-margin-bottom-large:20px;--awb-spacing-left-large:7.68%;--awb-width-medium:100%;--awb-order-medium:0;--awb-spacing-right-medium:1.92%;--awb-spacing-left-medium:1.92%;--awb-width-small:100%;--awb-order-small:0;--awb-spacing-right-small:1.92%;--awb-spacing-left-small:1.92%;\"><div class=\"fusion-column-wrapper fusion-column-has-shadow fusion-flex-justify-content-flex-start fusion-content-layout-column\"><div class=\"fusion-separator fusion-full-width-sep\" style=\"align-self: center;margin-left: auto;margin-right: auto;margin-top:24px;width:100%;\"><\/div><div class=\"fusion-text fusion-text-13\"><h3 style=\"text-align: left;\">Las preguntas m\u00e1s frecuentes de nuestros pacientes<\/h3>\n<\/div><div class=\"fusion-separator fusion-full-width-sep\" style=\"align-self: center;margin-left: auto;margin-right: auto;margin-top:12px;width:100%;\"><\/div><div class=\"fusion-text fusion-text-14\"><p class=\"ql-align-center\">\u00bfCu\u00e1nto cuesta el servicio?<\/p>\n<p class=\"ql-align-center\">\u00bfCu\u00e1ntas veces debo ir al quiropr\u00e1ctico?<\/p>\n<p class=\"ql-align-center\">\u00bfC\u00f3mo poder tener una mejor calidad de vida?<\/p>\n<p class=\"ql-align-center\">\u00bfC\u00f3mo vestirse para ir a terapia?<\/p>\n<p class=\"ql-align-center\">\u00bfC\u00f3mo dormir para no da\u00f1ar la columna vertebral?<\/p>\n<\/div><\/div><\/div><div class=\"fusion-layout-column fusion_builder_column fusion-builder-column-8 fusion_builder_column_1_4 1_4 fusion-flex-column\" style=\"--awb-bg-size:cover;--awb-width-large:25%;--awb-margin-top-large:0px;--awb-spacing-right-large:7.68%;--awb-margin-bottom-large:20px;--awb-spacing-left-large:7.68%;--awb-width-medium:100%;--awb-order-medium:0;--awb-spacing-right-medium:1.92%;--awb-spacing-left-medium:1.92%;--awb-width-small:100%;--awb-order-small:0;--awb-spacing-right-small:1.92%;--awb-spacing-left-small:1.92%;\"><div class=\"fusion-column-wrapper fusion-column-has-shadow fusion-flex-justify-content-flex-start fusion-content-layout-column\"><div class=\"fusion-separator fusion-full-width-sep\" style=\"align-self: center;margin-left: auto;margin-right: auto;margin-top:24px;width:100%;\"><\/div><div class=\"fusion-text fusion-text-15\"><h3 style=\"text-align: left;\">Ver m\u00e1s informaci\u00f3n en el blog<\/h3>\n<\/div><div class=\"fusion-separator fusion-full-width-sep\" style=\"align-self: center;margin-left: auto;margin-right: auto;margin-top:12px;width:100%;\"><\/div><div class=\"fusion-text fusion-text-16\"><p class=\"ql-align-center\" style=\"text-align: left;\">\u00bfQu\u00e9 es un espondilolistesis?<\/p>\n<p class=\"ql-align-center\" style=\"text-align: left;\">\u00bfPerder peso ayuda con el dolor de espalda baja?<\/p>\n<p class=\"ql-align-center\" style=\"text-align: left;\">\u00bfQu\u00e9 diferencia hay entre un fisioterapeuta y un quiropr\u00e1ctico?<\/p>\n<p class=\"ql-align-center\" style=\"text-align: left;\">El enfoque quiropr\u00e1ctico para la escoliosis<\/p>\n<p class=\"ql-align-center\" style=\"text-align: left;\">\u00bfQu\u00e9 es el nervio ci\u00e1tico?<\/p>\n<\/div><\/div><\/div><\/div><\/div>\n<div class=\"fusion-fullwidth fullwidth-box fusion-builder-row-5 nonhundred-percent-fullwidth non-hundred-percent-height-scrolling fusion-equal-height-columns\" style=\"--awb-border-radius-top-left:0px;--awb-border-radius-top-right:0px;--awb-border-radius-bottom-right:0px;--awb-border-radius-bottom-left:0px;--awb-padding-top:30px;--awb-padding-bottom:0px;--awb-margin-top:0px;--awb-background-color:#f5f5f5;--awb-flex-wrap:wrap;\" ><div class=\"fusion-builder-row fusion-row\"><div class=\"fusion-layout-column fusion_builder_column fusion-builder-column-9 fusion_builder_column_1_3 1_3 fusion-one-third fusion-column-first\" style=\"--awb-bg-size:cover;width:33.333333333333%;width:calc(33.333333333333% - ( ( 4% + 4% ) * 0.33333333333333 ) );margin-right: 4%;\"><div class=\"fusion-column-wrapper fusion-flex-column-wrapper-legacy\"><div class=\"fusion-image-element fusion-image-align-center in-legacy-container\" style=\"text-align:center;--awb-caption-title-font-family:var(--h2_typography-font-family);--awb-caption-title-font-weight:var(--h2_typography-font-weight);--awb-caption-title-font-style:var(--h2_typography-font-style);--awb-caption-title-size:var(--h2_typography-font-size);--awb-caption-title-transform:var(--h2_typography-text-transform);--awb-caption-title-line-height:var(--h2_typography-line-height);--awb-caption-title-letter-spacing:var(--h2_typography-letter-spacing);\"><div class=\"imageframe-align-center\"><span class=\" fusion-imageframe imageframe-none imageframe-3 hover-type-none\"><img decoding=\"async\" width=\"50\" height=\"50\" title=\"pin50\" src=\"https:\/\/quiropracticomexico.com\/wp-content\/uploads\/2017\/02\/pin50.png\" alt class=\"img-responsive wp-image-3164\"\/><\/span><\/div><\/div><div class=\"fusion-sep-clear\"><\/div><div class=\"fusion-separator fusion-full-width-sep\" style=\"margin-left: auto;margin-right: auto;margin-top:5px;margin-bottom:5px;width:100%;\"><\/div><div class=\"fusion-sep-clear\"><\/div><div class=\"fusion-text fusion-text-17\"><h3 style=\"text-align: center;\">Direcci\u00f3n<\/h3>\n<\/div><div class=\"fusion-text fusion-text-18\"><p style=\"text-align: center;\">General Gomez Pedraza 51,<br \/>\nSan Miguel Chapultepec,<br \/>\nMiguel Hidalgo,<br \/>\nCiudad de M\u00e9xico, CDMX<\/p>\n<\/div><div class=\"fusion-clearfix\"><\/div><\/div><\/div><div class=\"fusion-layout-column fusion_builder_column fusion-builder-column-10 fusion_builder_column_1_3 1_3 fusion-one-third\" style=\"--awb-bg-size:cover;width:33.333333333333%;width:calc(33.333333333333% - ( ( 4% + 4% ) * 0.33333333333333 ) );margin-right: 4%;\"><div class=\"fusion-column-wrapper fusion-flex-column-wrapper-legacy\"><div class=\"fusion-image-element fusion-image-align-center in-legacy-container\" style=\"text-align:center;--awb-caption-title-font-family:var(--h2_typography-font-family);--awb-caption-title-font-weight:var(--h2_typography-font-weight);--awb-caption-title-font-style:var(--h2_typography-font-style);--awb-caption-title-size:var(--h2_typography-font-size);--awb-caption-title-transform:var(--h2_typography-text-transform);--awb-caption-title-line-height:var(--h2_typography-line-height);--awb-caption-title-letter-spacing:var(--h2_typography-letter-spacing);\"><div class=\"imageframe-align-center\"><span class=\" fusion-imageframe imageframe-none imageframe-4 hover-type-none\"><img decoding=\"async\" width=\"50\" height=\"50\" title=\"phone-message-1-50\" src=\"https:\/\/quiropracticomexico.com\/wp-content\/uploads\/2017\/02\/phone-message-1-50.png\" alt class=\"img-responsive wp-image-3163\"\/><\/span><\/div><\/div><div class=\"fusion-sep-clear\"><\/div><div class=\"fusion-separator fusion-full-width-sep\" style=\"margin-left: auto;margin-right: auto;margin-top:5px;margin-bottom:5px;width:100%;\"><\/div><div class=\"fusion-sep-clear\"><\/div><div class=\"fusion-text fusion-text-19\"><h3 class=\"heading heading-with-icon icon-left\" style=\"text-align: center;\">Contacto<\/h3>\n<\/div><div class=\"fusion-text fusion-text-20\"><p style=\"text-align: center;\"><a href=\"tel:+525552116855\">(55) 5211 6855 <\/a><\/p>\n<\/div><div class=\"fusion-aligncenter\"><a class=\"fusion-button button-flat button-large button-default fusion-button-default button-1 fusion-button-default-span fusion-button-default-type\" style=\"--button-border-radius-top-left:25px;--button-border-radius-top-right:25px;--button-border-radius-bottom-right:25px;--button-border-radius-bottom-left:25px;\" target=\"_self\" href=\"https:\/\/wa.me\/+15557731800\" rel=\"noopener\"><span class=\"fusion-button-text awb-button__text awb-button__text--default\">Whatsapp<\/span><\/a><\/div><div class=\"fusion-clearfix\"><\/div><\/div><\/div><div class=\"fusion-layout-column fusion_builder_column fusion-builder-column-11 fusion_builder_column_1_3 1_3 fusion-one-third fusion-column-last\" style=\"--awb-bg-size:cover;width:33.333333333333%;width:calc(33.333333333333% - ( ( 4% + 4% ) * 0.33333333333333 ) );\"><div class=\"fusion-column-wrapper fusion-flex-column-wrapper-legacy\"><div class=\"fusion-image-element fusion-image-align-center in-legacy-container\" style=\"text-align:center;--awb-caption-title-font-family:var(--h2_typography-font-family);--awb-caption-title-font-weight:var(--h2_typography-font-weight);--awb-caption-title-font-style:var(--h2_typography-font-style);--awb-caption-title-size:var(--h2_typography-font-size);--awb-caption-title-transform:var(--h2_typography-text-transform);--awb-caption-title-line-height:var(--h2_typography-line-height);--awb-caption-title-letter-spacing:var(--h2_typography-letter-spacing);\"><div class=\"imageframe-align-center\"><span class=\" fusion-imageframe imageframe-none imageframe-5 hover-type-none\"><img decoding=\"async\" width=\"50\" height=\"50\" title=\"time50\" src=\"https:\/\/quiropracticomexico.com\/wp-content\/uploads\/2017\/02\/time50.png\" alt class=\"img-responsive wp-image-3162\"\/><\/span><\/div><\/div><div class=\"fusion-sep-clear\"><\/div><div class=\"fusion-separator fusion-full-width-sep\" style=\"margin-left: auto;margin-right: auto;margin-top:5px;margin-bottom:5px;width:100%;\"><\/div><div class=\"fusion-sep-clear\"><\/div><div class=\"fusion-text fusion-text-21\"><h3 style=\"text-align: center;\">Horarios de atenci\u00f3n<\/h3>\n<\/div><div class=\"fusion-text fusion-text-22\"><p style=\"text-align: center;\">Lunes a Viernes<br \/>\n9am \u2013 8pm<br \/>\nSabado<br \/>\n9am \u2013 1pm<\/p>\n<\/div><div class=\"fusion-clearfix\"><\/div><\/div><\/div><\/div><\/div>\n<\/p>\n","protected":false},"excerpt":{"rendered":"","protected":false},"author":1,"featured_media":0,"parent":0,"menu_order":0,"comment_status":"open","ping_status":"open","template":"100-width.php","meta":{"footnotes":""},"class_list":["post-3421","page","type-page","status-publish","hentry"],"_links":{"self":[{"href":"https:\/\/quiropracticomexico.com\/en\/wp-json\/wp\/v2\/pages\/3421","targetHints":{"allow":["GET"]}}],"collection":[{"href":"https:\/\/quiropracticomexico.com\/en\/wp-json\/wp\/v2\/pages"}],"about":[{"href":"https:\/\/quiropracticomexico.com\/en\/wp-json\/wp\/v2\/types\/page"}],"author":[{"embeddable":true,"href":"https:\/\/quiropracticomexico.com\/en\/wp-json\/wp\/v2\/users\/1"}],"replies":[{"embeddable":true,"href":"https:\/\/quiropracticomexico.com\/en\/wp-json\/wp\/v2\/comments?post=3421"}],"version-history":[{"count":68,"href":"https:\/\/quiropracticomexico.com\/en\/wp-json\/wp\/v2\/pages\/3421\/revisions"}],"predecessor-version":[{"id":4718,"href":"https:\/\/quiropracticomexico.com\/en\/wp-json\/wp\/v2\/pages\/3421\/revisions\/4718"}],"wp:attachment":[{"href":"https:\/\/quiropracticomexico.com\/en\/wp-json\/wp\/v2\/media?parent=3421"}],"curies":[{"name":"wp","href":"https:\/\/api.w.org\/{rel}","templated":true}]}}