{"id":3940,"date":"2015-08-26T17:06:05","date_gmt":"2015-08-26T17:06:05","guid":{"rendered":"http:\/\/quiropracticomexico.com\/reserva\/"},"modified":"2024-04-08T18:20:18","modified_gmt":"2024-04-08T18:20:18","slug":"reserva","status":"publish","type":"page","link":"https:\/\/quiropracticomexico.com\/fr\/reserva\/","title":{"rendered":"Reservar cita en Ciudad de M\u00e9xico &#8211; Centro Quiropr\u00e1ctico M\u00e9xico Condesa"},"content":{"rendered":"<p><div class=\"fusion-fullwidth fullwidth-box fusion-builder-row-1 fusion-flex-container has-pattern-background has-mask-background nonhundred-percent-fullwidth non-hundred-percent-height-scrolling\" style=\"--awb-border-radius-top-left:0px;--awb-border-radius-top-right:0px;--awb-border-radius-bottom-right:0px;--awb-border-radius-bottom-left:0px;--awb-padding-top:20px;--awb-padding-bottom:20px;--awb-flex-wrap:wrap;\" ><div class=\"fusion-builder-row fusion-row fusion-flex-align-items-stretch fusion-flex-justify-content-space-around fusion-flex-content-wrap\" style=\"max-width:1216.8px;margin-left: calc(-4% \/ 2 );margin-right: calc(-4% \/ 2 );\"><div class=\"fusion-layout-column fusion_builder_column fusion-builder-column-0 fusion_builder_column_1_2 1_2 fusion-flex-column\" style=\"--awb-padding-top:10px;--awb-padding-right:10px;--awb-padding-bottom:10px;--awb-padding-left:10px;--awb-bg-size:cover;--awb-border-color:#1a7fb6;--awb-border-top:0;--awb-border-right:0;--awb-border-bottom:0;--awb-border-left:0;--awb-border-style:solid;--awb-width-large:50%;--awb-margin-top-large:0px;--awb-spacing-right-large:3.84%;--awb-margin-bottom-large:20px;--awb-spacing-left-large:3.84%;--awb-width-medium:100%;--awb-spacing-right-medium:1.92%;--awb-spacing-left-medium:1.92%;--awb-width-small:100%;--awb-spacing-right-small:1.92%;--awb-spacing-left-small:1.92%;\"><div class=\"fusion-column-wrapper fusion-flex-justify-content-center fusion-content-layout-column\"><div class=\"fusion-separator fusion-full-width-sep\" style=\"align-self: center;margin-left: auto;margin-right: auto;margin-top:24px;margin-bottom:2px;width:100%;\"><\/div><div class=\"fusion-text fusion-text-1\"><p style=\"text-align: center;\">En caso de necesitar una cita urgente para tratar un problema agudo es preferible usar <a href=\"https:\/\/wa.me\/5215552116855\" target=\"_blank\" rel=\"noopener\"><strong>Whatsapp<\/strong><\/a> o marcarnos por tel\u00e9fono.<\/p>\n<p style=\"text-align: center;\">A 2 minutos caminando de la estaci\u00f3n de metro\u00a0<strong>Juanacatl\u00e1n<\/strong>.<\/p>\n<\/div><\/div><\/div><div class=\"fusion-layout-column fusion_builder_column fusion-builder-column-1 fusion_builder_column_1_2 1_2 fusion-flex-column\" style=\"--awb-padding-top:10px;--awb-padding-right:10px;--awb-padding-bottom:10px;--awb-padding-left:10px;--awb-bg-size:cover;--awb-border-color:#1a7fb6;--awb-border-top:0;--awb-border-right:0;--awb-border-bottom:0;--awb-border-left:0;--awb-border-style:solid;--awb-width-large:50%;--awb-margin-top-large:0px;--awb-spacing-right-large:3.84%;--awb-margin-bottom-large:20px;--awb-spacing-left-large:3.84%;--awb-width-medium:100%;--awb-spacing-right-medium:1.92%;--awb-spacing-left-medium:1.92%;--awb-width-small:100%;--awb-spacing-right-small:1.92%;--awb-spacing-left-small:1.92%;\"><div class=\"fusion-column-wrapper fusion-flex-justify-content-center fusion-content-layout-column\"><div class=\"fusion-separator fusion-full-width-sep\" style=\"align-self: center;margin-left: auto;margin-right: auto;margin-top:24px;margin-bottom:2px;width:100%;\"><\/div><div class=\"fusion-text fusion-text-2\"><div style=\"text-align: center;\"><a href=\"https:\/\/maps.app.goo.gl\/SA2T3bMC4SWuVtTz8?g_st=com.tinyspeck.chatlyio.share\" target=\"_blank\" rel=\"noopener\"><strong>Calle General Gomez Pedraza 51<\/strong><\/a><\/div>\n<div style=\"text-align: center;\">Colonia San Miguel Chapultepec Secci\u00f3n 2<\/div>\n<div style=\"text-align: center;\">Delegaci\u00f3n Miguel Hidalgo, Ciudad de M\u00e9xico, CDMX, 11850<\/div>\n<div style=\"text-align: center;\"><strong><a href=\"https:\/\/maps.app.goo.gl\/SA2T3bMC4SWuVtTz8?g_st=com.tinyspeck.chatlyio.share\" target=\"_blank\" rel=\"noopener\">Enlace Google Maps<\/a><\/strong><\/div>\n<\/div><\/div><\/div><\/div><\/div><div class=\"fusion-fullwidth fullwidth-box fusion-builder-row-2 fusion-flex-container has-pattern-background has-mask-background nonhundred-percent-fullwidth non-hundred-percent-height-scrolling\" style=\"--awb-border-radius-top-left:0px;--awb-border-radius-top-right:0px;--awb-border-radius-bottom-right:0px;--awb-border-radius-bottom-left:0px;--awb-flex-wrap:wrap;\" ><div class=\"fusion-builder-row fusion-row fusion-flex-align-items-center fusion-flex-justify-content-center fusion-flex-content-wrap\" style=\"max-width:1216.8px;margin-left: calc(-4% \/ 2 );margin-right: calc(-4% \/ 2 );\"><div class=\"fusion-layout-column fusion_builder_column fusion-builder-column-2 fusion_builder_column_1_1 1_1 fusion-flex-column fusion-flex-align-self-center\" style=\"--awb-bg-size:cover;--awb-width-large:100%;--awb-margin-top-large:0px;--awb-spacing-right-large:1.92%;--awb-margin-bottom-large:20px;--awb-spacing-left-large:1.92%;--awb-width-medium:100%;--awb-order-medium:0;--awb-spacing-right-medium:1.92%;--awb-spacing-left-medium:1.92%;--awb-width-small:100%;--awb-order-small:0;--awb-spacing-right-small:1.92%;--awb-spacing-left-small:1.92%;\" data-scroll-devices=\"small-visibility,medium-visibility,large-visibility\"><div class=\"fusion-column-wrapper fusion-column-has-shadow fusion-flex-justify-content-center fusion-content-layout-column\"><div class=\"fusion-separator fusion-full-width-sep\" style=\"align-self: center;margin-left: auto;margin-right: auto;margin-top:24px;margin-bottom:2px;width:100%;\"><\/div><div ><a class=\"fusion-button button-flat fusion-button-default-size button-blue fusion-button-blue button-1 fusion-button-default-span fusion-button-default-type\" target=\"_self\" href=\"https:\/\/citas.quiropracticomexico.com\/\"><span class=\"fusion-button-text awb-button__text awb-button__text--default\">Citas en l\u00ednea<\/span><\/a><\/div><\/div><\/div><\/div><\/div><div class=\"fusion-fullwidth fullwidth-box fusion-builder-row-3 fusion-flex-container has-pattern-background has-mask-background nonhundred-percent-fullwidth non-hundred-percent-height-scrolling\" style=\"--awb-border-radius-top-left:0px;--awb-border-radius-top-right:0px;--awb-border-radius-bottom-right:0px;--awb-border-radius-bottom-left:0px;--awb-background-color:#f5f5f5;--awb-flex-wrap:wrap;\" ><div class=\"fusion-builder-row fusion-row fusion-flex-align-items-flex-start fusion-flex-content-wrap\" style=\"max-width:1216.8px;margin-left: calc(-4% \/ 2 );margin-right: calc(-4% \/ 2 );\"><div class=\"fusion-layout-column fusion_builder_column fusion-builder-column-3 fusion_builder_column_1_2 1_2 fusion-flex-column\" style=\"--awb-bg-size:cover;--awb-width-large:50%;--awb-margin-top-large:0px;--awb-spacing-right-large:3.84%;--awb-margin-bottom-large:20px;--awb-spacing-left-large:3.84%;--awb-width-medium:100%;--awb-order-medium:0;--awb-spacing-right-medium:1.92%;--awb-spacing-left-medium:1.92%;--awb-width-small:100%;--awb-order-small:0;--awb-spacing-right-small:1.92%;--awb-spacing-left-small:1.92%;\"><div class=\"fusion-column-wrapper fusion-column-has-shadow fusion-flex-justify-content-flex-start fusion-content-layout-column\"><div class=\"fusion-separator fusion-full-width-sep\" style=\"align-self: center;margin-left: auto;margin-right: auto;margin-top:24px;margin-bottom:1px;width:100%;\"><\/div><div class=\"fusion-text fusion-text-3\"><h2>Visita el centro quiropr\u00e1ctico l\u00edder en Ciudad de M\u00e9xico<\/h2>\n<\/div><div class=\"fusion-text fusion-text-4\"><p>El equipo profesional de terapeutas en la delegaci\u00f3n Miguel Hidalgo atiende principalmente a los pacientes que viven cerca de las colonias Condesa, Polanco, Anzures, Colonia Roma, Ju\u00e1rez, Del valle, Narvarte, Escand\u00f3n y San Miguel Chapultepec.<\/p>\n<\/div><div class=\"fusion-text fusion-text-5\"><h3>Tenemos experiencia en tratamiento de lumbalgia, mala postura, alineaci\u00f3n de articulaci\u00f3n o escoliosis.<\/h3>\n<\/div><div class=\"fusion-text fusion-text-6\"><p>Valoramos tu cuerpo de forma integral. Desde tu sistema nervioso hasta la funci\u00f3n de tus m\u00fasculos y para detectar una columna desviada.<\/p>\n<\/div><\/div><\/div><div class=\"fusion-layout-column fusion_builder_column fusion-builder-column-4 fusion_builder_column_1_2 1_2 fusion-flex-column\" style=\"--awb-bg-size:cover;--awb-width-large:50%;--awb-margin-top-large:0px;--awb-spacing-right-large:3.84%;--awb-margin-bottom-large:20px;--awb-spacing-left-large:3.84%;--awb-width-medium:100%;--awb-order-medium:0;--awb-spacing-right-medium:1.92%;--awb-spacing-left-medium:1.92%;--awb-width-small:100%;--awb-order-small:0;--awb-spacing-right-small:1.92%;--awb-spacing-left-small:1.92%;\"><div class=\"fusion-column-wrapper fusion-column-has-shadow fusion-flex-justify-content-flex-start fusion-content-layout-column\"><div class=\"fusion-separator fusion-full-width-sep\" style=\"align-self: center;margin-left: auto;margin-right: auto;margin-top:24px;margin-bottom:1px;width:100%;\"><\/div><div class=\"fusion-text fusion-text-7\"><p>El especialista en quiropr\u00e1ctica es un experto en la atenci\u00f3n de dolores de espalda o cuello, escoliosis dorsal, hernia discal lumbar o dolor de cintura y cadera. Utiliza diversas t\u00e9cnicas para tratar estas afecciones, como la manipulaci\u00f3n de la columna vertebral, ejercicios supervisados, herramientas b\u00e1sicas de fisioterapia como el calor o el fr\u00edo.<\/p>\n<\/div><div class=\"fusion-text fusion-text-8\"><h3>Nuestros servicios son mucho m\u00e1s que una sesi\u00f3n de ajuste quiropr\u00e1ctico de alineaci\u00f3n.<\/h3>\n<\/div><div class=\"fusion-text fusion-text-9\"><p>Ati\u00e9ndete en nuestro centro en la Ciudad de M\u00e9xico con un profesional de la salud especializado en el diagn\u00f3stico y tratamiento de los trastornos del sistema musculo esquel\u00e9tico, con \u00e9nfasis en la columna vertebral. Utilizamos una variedad de t\u00e9cnicas manuales e instrumentadas para mejorar la funci\u00f3n con el movimiento y prevenir lesiones en las articulaciones.<\/p>\n<\/div><\/div><\/div><\/div><\/div><div class=\"fusion-fullwidth fullwidth-box fusion-builder-row-4 fusion-flex-container nonhundred-percent-fullwidth non-hundred-percent-height-scrolling\" style=\"--awb-border-radius-top-left:0px;--awb-border-radius-top-right:0px;--awb-border-radius-bottom-right:0px;--awb-border-radius-bottom-left:0px;--awb-flex-wrap:wrap;\" ><div class=\"fusion-builder-row fusion-row fusion-flex-align-items-flex-start fusion-flex-content-wrap\" style=\"max-width:1216.8px;margin-left: calc(-4% \/ 2 );margin-right: calc(-4% \/ 2 );\"><div class=\"fusion-layout-column fusion_builder_column fusion-builder-column-5 fusion_builder_column_1_4 1_4 fusion-flex-column\" style=\"--awb-bg-size:cover;--awb-width-large:25%;--awb-margin-top-large:0px;--awb-spacing-right-large:7.68%;--awb-margin-bottom-large:20px;--awb-spacing-left-large:7.68%;--awb-width-medium:100%;--awb-order-medium:0;--awb-spacing-right-medium:1.92%;--awb-spacing-left-medium:1.92%;--awb-width-small:100%;--awb-order-small:0;--awb-spacing-right-small:1.92%;--awb-spacing-left-small:1.92%;\"><div class=\"fusion-column-wrapper fusion-column-has-shadow fusion-flex-justify-content-flex-start fusion-content-layout-column\"><div class=\"fusion-separator fusion-full-width-sep\" style=\"align-self: center;margin-left: auto;margin-right: auto;margin-top:24px;width:100%;\"><\/div><div class=\"fusion-text fusion-text-10\"><h3 style=\"text-align: left;\">Principales enfermedades y s\u00edntomas tratados<\/h3>\n<\/div><div class=\"fusion-separator fusion-full-width-sep\" style=\"align-self: center;margin-left: auto;margin-right: auto;margin-top:12px;width:100%;\"><\/div><div class=\"fusion-text fusion-text-11\"><p class=\"ql-align-center\">Ci\u00e1tica<\/p>\n<p class=\"ql-align-center\">Dolor de espalda baja<\/p>\n<p class=\"ql-align-center\">Dolor de cuello<\/p>\n<p class=\"ql-align-center\">Escoliosis<\/p>\n<p class=\"ql-align-center\">Espondilolistesis<\/p>\n<p class=\"ql-align-center\">Dolor de hombro y brazo<\/p>\n<\/div><\/div><\/div><div class=\"fusion-layout-column fusion_builder_column fusion-builder-column-6 fusion_builder_column_1_4 1_4 fusion-flex-column\" style=\"--awb-bg-size:cover;--awb-width-large:25%;--awb-margin-top-large:0px;--awb-spacing-right-large:7.68%;--awb-margin-bottom-large:20px;--awb-spacing-left-large:7.68%;--awb-width-medium:100%;--awb-order-medium:0;--awb-spacing-right-medium:1.92%;--awb-spacing-left-medium:1.92%;--awb-width-small:100%;--awb-order-small:0;--awb-spacing-right-small:1.92%;--awb-spacing-left-small:1.92%;\"><div class=\"fusion-column-wrapper fusion-column-has-shadow fusion-flex-justify-content-flex-start fusion-content-layout-column\"><div class=\"fusion-separator fusion-full-width-sep\" style=\"align-self: center;margin-left: auto;margin-right: auto;margin-top:24px;width:100%;\"><\/div><div class=\"fusion-text fusion-text-12\"><h3 style=\"text-align: left;\">Servicios m\u00e1s demandados<\/h3>\n<\/div><div class=\"fusion-separator fusion-full-width-sep\" style=\"align-self: center;margin-left: auto;margin-right: auto;margin-top:12px;width:100%;\"><\/div><div class=\"fusion-text fusion-text-13\"><p class=\"ql-align-center\">Primera consulta de valoraci\u00f3n con radiograf\u00edas<\/p>\n<p class=\"ql-align-center\">Ajuste quiropr\u00e1ctico<\/p>\n<p class=\"ql-align-center\">Prevenci\u00f3n y postura<\/p>\n<p class=\"ql-align-center\">Consulta de valoraci\u00f3n de columna vertebral<\/p>\n<p class=\"ql-align-center\">Estudio de postura<\/p>\n<p class=\"ql-align-center\">Estudio de baropodometr\u00eda<\/p>\n<\/div><\/div><\/div><div class=\"fusion-layout-column fusion_builder_column fusion-builder-column-7 fusion_builder_column_1_4 1_4 fusion-flex-column\" style=\"--awb-bg-size:cover;--awb-width-large:25%;--awb-margin-top-large:0px;--awb-spacing-right-large:7.68%;--awb-margin-bottom-large:20px;--awb-spacing-left-large:7.68%;--awb-width-medium:100%;--awb-order-medium:0;--awb-spacing-right-medium:1.92%;--awb-spacing-left-medium:1.92%;--awb-width-small:100%;--awb-order-small:0;--awb-spacing-right-small:1.92%;--awb-spacing-left-small:1.92%;\"><div class=\"fusion-column-wrapper fusion-column-has-shadow fusion-flex-justify-content-flex-start fusion-content-layout-column\"><div class=\"fusion-separator fusion-full-width-sep\" style=\"align-self: center;margin-left: auto;margin-right: auto;margin-top:24px;width:100%;\"><\/div><div class=\"fusion-text fusion-text-14\"><h3 style=\"text-align: left;\">Las preguntas m\u00e1s frecuentes de nuestros pacientes<\/h3>\n<\/div><div class=\"fusion-separator fusion-full-width-sep\" style=\"align-self: center;margin-left: auto;margin-right: auto;margin-top:12px;width:100%;\"><\/div><div class=\"fusion-text fusion-text-15\"><p class=\"ql-align-center\">\u00bfCu\u00e1nto cuesta el servicio?<\/p>\n<p class=\"ql-align-center\">\u00bfCu\u00e1ntas veces debo ir al quiropr\u00e1ctico?<\/p>\n<p class=\"ql-align-center\">\u00bfC\u00f3mo poder tener una mejor calidad de vida?<\/p>\n<p class=\"ql-align-center\">\u00bfC\u00f3mo vestirse para ir a terapia?<\/p>\n<p class=\"ql-align-center\">\u00bfC\u00f3mo dormir para no da\u00f1ar la columna vertebral?<\/p>\n<\/div><\/div><\/div><div class=\"fusion-layout-column fusion_builder_column fusion-builder-column-8 fusion_builder_column_1_4 1_4 fusion-flex-column\" style=\"--awb-bg-size:cover;--awb-width-large:25%;--awb-margin-top-large:0px;--awb-spacing-right-large:7.68%;--awb-margin-bottom-large:20px;--awb-spacing-left-large:7.68%;--awb-width-medium:100%;--awb-order-medium:0;--awb-spacing-right-medium:1.92%;--awb-spacing-left-medium:1.92%;--awb-width-small:100%;--awb-order-small:0;--awb-spacing-right-small:1.92%;--awb-spacing-left-small:1.92%;\"><div class=\"fusion-column-wrapper fusion-column-has-shadow fusion-flex-justify-content-flex-start fusion-content-layout-column\"><div class=\"fusion-separator fusion-full-width-sep\" style=\"align-self: center;margin-left: auto;margin-right: auto;margin-top:24px;width:100%;\"><\/div><div class=\"fusion-text fusion-text-16\"><h3 style=\"text-align: left;\">Ver m\u00e1s informaci\u00f3n en el blog<\/h3>\n<\/div><div class=\"fusion-separator fusion-full-width-sep\" style=\"align-self: center;margin-left: auto;margin-right: auto;margin-top:12px;width:100%;\"><\/div><div class=\"fusion-text fusion-text-17\"><p class=\"ql-align-center\" style=\"text-align: left;\"><a href=\"\/?p=2043\">\u00bfQu\u00e9 es un espondilolistesis?<\/a><\/p>\n<p class=\"ql-align-center\" style=\"text-align: left;\"><a href=\"\/?p=739\">\u00bfPerder peso ayuda con el dolor de espalda baja?<\/a><\/p>\n<p class=\"ql-align-center\" style=\"text-align: left;\">\u00bfQu\u00e9 diferencia hay entre un fisioterapeuta y un quiropr\u00e1ctico?<\/p>\n<p class=\"ql-align-center\" style=\"text-align: left;\"><a href=\"\/?p=1832\">El enfoque quiropr\u00e1ctico para la escoliosis<\/a><\/p>\n<p class=\"ql-align-center\" style=\"text-align: left;\"><a href=\"\/?p=4618\">\u00bfQu\u00e9 es el nervio ci\u00e1tico?<\/a><\/p>\n<\/div><\/div><\/div><\/div><\/div>\n<div class=\"fusion-fullwidth fullwidth-box fusion-builder-row-5 nonhundred-percent-fullwidth non-hundred-percent-height-scrolling fusion-equal-height-columns\" style=\"--awb-border-radius-top-left:0px;--awb-border-radius-top-right:0px;--awb-border-radius-bottom-right:0px;--awb-border-radius-bottom-left:0px;--awb-padding-top:30px;--awb-padding-bottom:0px;--awb-margin-top:0px;--awb-background-color:#f5f5f5;--awb-flex-wrap:wrap;\" ><div class=\"fusion-builder-row fusion-row\"><div class=\"fusion-layout-column fusion_builder_column fusion-builder-column-9 fusion_builder_column_1_3 1_3 fusion-one-third fusion-column-first\" style=\"--awb-bg-size:cover;width:33.333333333333%;width:calc(33.333333333333% - ( ( 4% + 4% ) * 0.33333333333333 ) );margin-right: 4%;\"><div class=\"fusion-column-wrapper fusion-flex-column-wrapper-legacy\"><div class=\"fusion-image-element fusion-image-align-center in-legacy-container\" style=\"text-align:center;--awb-caption-title-font-family:var(--h2_typography-font-family);--awb-caption-title-font-weight:var(--h2_typography-font-weight);--awb-caption-title-font-style:var(--h2_typography-font-style);--awb-caption-title-size:var(--h2_typography-font-size);--awb-caption-title-transform:var(--h2_typography-text-transform);--awb-caption-title-line-height:var(--h2_typography-line-height);--awb-caption-title-letter-spacing:var(--h2_typography-letter-spacing);\"><div class=\"imageframe-align-center\"><span class=\" fusion-imageframe imageframe-none imageframe-1 hover-type-none\"><img decoding=\"async\" width=\"50\" height=\"50\" title=\"pin50\" src=\"https:\/\/quiropracticomexico.com\/wp-content\/uploads\/2017\/02\/pin50.png\" alt class=\"img-responsive wp-image-3595\"\/><\/span><\/div><\/div><div class=\"fusion-sep-clear\"><\/div><div class=\"fusion-separator fusion-full-width-sep\" style=\"margin-left: auto;margin-right: auto;margin-top:5px;margin-bottom:5px;width:100%;\"><\/div><div class=\"fusion-sep-clear\"><\/div><div class=\"fusion-text fusion-text-18\"><h3 style=\"text-align: center;\">Direcci\u00f3n<\/h3>\n<\/div><div class=\"fusion-text fusion-text-19\"><p style=\"text-align: center;\">General Gomez Pedraza 51,<br \/>\nSan Miguel Chapultepec,<br \/>\nMiguel Hidalgo,<br \/>\nCiudad de M\u00e9xico, CDMX<\/p>\n<\/div><div class=\"fusion-clearfix\"><\/div><\/div><\/div><div class=\"fusion-layout-column fusion_builder_column fusion-builder-column-10 fusion_builder_column_1_3 1_3 fusion-one-third\" style=\"--awb-bg-size:cover;width:33.333333333333%;width:calc(33.333333333333% - ( ( 4% + 4% ) * 0.33333333333333 ) );margin-right: 4%;\"><div class=\"fusion-column-wrapper fusion-flex-column-wrapper-legacy\"><div class=\"fusion-image-element fusion-image-align-center in-legacy-container\" style=\"text-align:center;--awb-caption-title-font-family:var(--h2_typography-font-family);--awb-caption-title-font-weight:var(--h2_typography-font-weight);--awb-caption-title-font-style:var(--h2_typography-font-style);--awb-caption-title-size:var(--h2_typography-font-size);--awb-caption-title-transform:var(--h2_typography-text-transform);--awb-caption-title-line-height:var(--h2_typography-line-height);--awb-caption-title-letter-spacing:var(--h2_typography-letter-spacing);\"><div class=\"imageframe-align-center\"><span class=\" fusion-imageframe imageframe-none imageframe-2 hover-type-none\"><img decoding=\"async\" width=\"50\" height=\"50\" title=\"phone-message-1-50\" src=\"https:\/\/quiropracticomexico.com\/wp-content\/uploads\/2017\/02\/phone-message-1-50.png\" alt class=\"img-responsive wp-image-3594\"\/><\/span><\/div><\/div><div class=\"fusion-sep-clear\"><\/div><div class=\"fusion-separator fusion-full-width-sep\" style=\"margin-left: auto;margin-right: auto;margin-top:5px;margin-bottom:5px;width:100%;\"><\/div><div class=\"fusion-sep-clear\"><\/div><div class=\"fusion-text fusion-text-20\"><h3 class=\"heading heading-with-icon icon-left\" style=\"text-align: center;\">Contacto<\/h3>\n<\/div><div class=\"fusion-text fusion-text-21\"><p style=\"text-align: center;\"><a href=\"tel:+525552116855\">(55) 5211 6855 <\/a><\/p>\n<\/div><div class=\"fusion-aligncenter\"><a class=\"fusion-button button-flat button-large button-default fusion-button-default button-2 fusion-button-default-span fusion-button-default-type\" style=\"--button-border-radius-top-left:25px;--button-border-radius-top-right:25px;--button-border-radius-bottom-right:25px;--button-border-radius-bottom-left:25px;\" target=\"_self\" href=\"https:\/\/wa.me\/+15557731800\" rel=\"noopener\"><span class=\"fusion-button-text awb-button__text awb-button__text--default\">Whatsapp<\/span><\/a><\/div><div class=\"fusion-clearfix\"><\/div><\/div><\/div><div class=\"fusion-layout-column fusion_builder_column fusion-builder-column-11 fusion_builder_column_1_3 1_3 fusion-one-third fusion-column-last\" style=\"--awb-bg-size:cover;width:33.333333333333%;width:calc(33.333333333333% - ( ( 4% + 4% ) * 0.33333333333333 ) );\"><div class=\"fusion-column-wrapper fusion-flex-column-wrapper-legacy\"><div class=\"fusion-image-element fusion-image-align-center in-legacy-container\" style=\"text-align:center;--awb-caption-title-font-family:var(--h2_typography-font-family);--awb-caption-title-font-weight:var(--h2_typography-font-weight);--awb-caption-title-font-style:var(--h2_typography-font-style);--awb-caption-title-size:var(--h2_typography-font-size);--awb-caption-title-transform:var(--h2_typography-text-transform);--awb-caption-title-line-height:var(--h2_typography-line-height);--awb-caption-title-letter-spacing:var(--h2_typography-letter-spacing);\"><div class=\"imageframe-align-center\"><span class=\" fusion-imageframe imageframe-none imageframe-3 hover-type-none\"><img decoding=\"async\" width=\"50\" height=\"50\" title=\"time50\" src=\"https:\/\/quiropracticomexico.com\/wp-content\/uploads\/2017\/02\/time50.png\" alt class=\"img-responsive wp-image-3593\"\/><\/span><\/div><\/div><div class=\"fusion-sep-clear\"><\/div><div class=\"fusion-separator fusion-full-width-sep\" style=\"margin-left: auto;margin-right: auto;margin-top:5px;margin-bottom:5px;width:100%;\"><\/div><div class=\"fusion-sep-clear\"><\/div><div class=\"fusion-text fusion-text-22\"><h3 style=\"text-align: center;\">Horarios de atenci\u00f3n<\/h3>\n<\/div><div class=\"fusion-text fusion-text-23\"><p style=\"text-align: center;\">Lunes a Viernes<br \/>\n9am \u2013 8pm<br \/>\nSabado<br \/>\n9am \u2013 1pm<\/p>\n<\/div><div class=\"fusion-clearfix\"><\/div><\/div><\/div><\/div><\/div>\n<\/p>\n","protected":false},"excerpt":{"rendered":"","protected":false},"author":1,"featured_media":0,"parent":0,"menu_order":0,"comment_status":"closed","ping_status":"closed","template":"100-width.php","meta":{"footnotes":""},"class_list":["post-3940","page","type-page","status-publish","hentry"],"_links":{"self":[{"href":"https:\/\/quiropracticomexico.com\/fr\/wp-json\/wp\/v2\/pages\/3940","targetHints":{"allow":["GET"]}}],"collection":[{"href":"https:\/\/quiropracticomexico.com\/fr\/wp-json\/wp\/v2\/pages"}],"about":[{"href":"https:\/\/quiropracticomexico.com\/fr\/wp-json\/wp\/v2\/types\/page"}],"author":[{"embeddable":true,"href":"https:\/\/quiropracticomexico.com\/fr\/wp-json\/wp\/v2\/users\/1"}],"replies":[{"embeddable":true,"href":"https:\/\/quiropracticomexico.com\/fr\/wp-json\/wp\/v2\/comments?post=3940"}],"version-history":[{"count":56,"href":"https:\/\/quiropracticomexico.com\/fr\/wp-json\/wp\/v2\/pages\/3940\/revisions"}],"predecessor-version":[{"id":5165,"href":"https:\/\/quiropracticomexico.com\/fr\/wp-json\/wp\/v2\/pages\/3940\/revisions\/5165"}],"wp:attachment":[{"href":"https:\/\/quiropracticomexico.com\/fr\/wp-json\/wp\/v2\/media?parent=3940"}],"curies":[{"name":"wp","href":"https:\/\/api.w.org\/{rel}","templated":true}]}}